{"id":615,"date":"2022-06-01T14:54:08","date_gmt":"2022-06-01T17:54:08","guid":{"rendered":"https:\/\/theme.madsparrow.me\/nicex\/?page_id=615"},"modified":"2023-08-01T13:00:24","modified_gmt":"2023-08-01T16:00:24","slug":"quem-somos","status":"publish","type":"page","link":"https:\/\/mandabusca.com.br\/en\/quem-somos\/","title":{"rendered":"Who We Are"},"content":{"rendered":"<div data-elementor-type=\"wp-page\" data-elementor-id=\"615\" class=\"elementor elementor-615\" data-elementor-post-type=\"page\">\n\t\t\t\t\t\t<section class=\"elementor-section elementor-top-section elementor-element elementor-element-7ece0bf elementor-section-boxed elementor-section-height-default elementor-section-height-default\" data-id=\"7ece0bf\" data-element_type=\"section\" data-settings=\"{&quot;background_background&quot;:&quot;classic&quot;}\">\n\t\t\t\t\t\t<div class=\"elementor-container elementor-column-gap-extended\">\n\t\t\t\t\t<div class=\"elementor-column elementor-col-100 elementor-top-column elementor-element elementor-element-b64dda0\" data-id=\"b64dda0\" data-element_type=\"column\">\n\t\t\t<div class=\"elementor-widget-wrap elementor-element-populated\">\n\t\t\t\t\t\t<div class=\"elementor-element elementor-element-f8e64a6 elementor-widget elementor-widget-heading\" data-id=\"f8e64a6\" data-element_type=\"widget\" data-widget_type=\"heading.default\">\n\t\t\t\t<div class=\"elementor-widget-container\">\n\t\t\t<style>\/*! elementor - v3.19.0 - 26-02-2024 *\/\n.elementor-heading-title{padding:0;margin:0;line-height:1}.elementor-widget-heading .elementor-heading-title[class*=elementor-size-]>a{color:inherit;font-size:inherit;line-height:inherit}.elementor-widget-heading .elementor-heading-title.elementor-size-small{font-size:15px}.elementor-widget-heading .elementor-heading-title.elementor-size-medium{font-size:19px}.elementor-widget-heading .elementor-heading-title.elementor-size-large{font-size:29px}.elementor-widget-heading .elementor-heading-title.elementor-size-xl{font-size:39px}.elementor-widget-heading .elementor-heading-title.elementor-size-xxl{font-size:59px}<\/style><h1 class=\"elementor-heading-title elementor-size-default\">Who We Are<\/h1>\t\t<\/div>\n\t\t\t\t<\/div>\n\t\t\t\t<section class=\"elementor-section elementor-inner-section elementor-element elementor-element-4910e00 elementor-section-full_width elementor-section-height-default elementor-section-height-default\" data-id=\"4910e00\" data-element_type=\"section\">\n\t\t\t\t\t\t<div class=\"elementor-container elementor-column-gap-no\">\n\t\t\t\t\t<div class=\"elementor-column elementor-col-100 elementor-inner-column elementor-element elementor-element-5d57e7d\" data-id=\"5d57e7d\" data-element_type=\"column\">\n\t\t\t<div class=\"elementor-widget-wrap elementor-element-populated\">\n\t\t\t\t\t\t<div class=\"elementor-element elementor-element-e4c327c elementor-widget elementor-widget-heading\" data-id=\"e4c327c\" data-element_type=\"widget\" data-widget_type=\"heading.default\">\n\t\t\t\t<div class=\"elementor-widget-container\">\n\t\t\t<h2 class=\"elementor-heading-title elementor-size-default\">Somos o que somos...<\/h2>\t\t<\/div>\n\t\t\t\t<\/div>\n\t\t\t\t<div class=\"elementor-element elementor-element-e99f4bf elementor-widget elementor-widget-text-editor\" data-id=\"e99f4bf\" data-element_type=\"widget\" data-widget_type=\"text-editor.default\">\n\t\t\t\t<div class=\"elementor-widget-container\">\n\t\t\t<style>\/*! elementor - v3.19.0 - 26-02-2024 *\/\n.elementor-widget-text-editor.elementor-drop-cap-view-stacked .elementor-drop-cap{background-color:#69727d;color:#fff}.elementor-widget-text-editor.elementor-drop-cap-view-framed .elementor-drop-cap{color:#69727d;border:3px solid;background-color:transparent}.elementor-widget-text-editor:not(.elementor-drop-cap-view-default) .elementor-drop-cap{margin-top:8px}.elementor-widget-text-editor:not(.elementor-drop-cap-view-default) .elementor-drop-cap-letter{width:1em;height:1em}.elementor-widget-text-editor .elementor-drop-cap{float:left;text-align:center;line-height:1;font-size:50px}.elementor-widget-text-editor .elementor-drop-cap-letter{display:inline-block}<\/style>\t\t\t\t<p class=\"s5\"><span class=\"s7\">N\u00f3s, da MandaBusca, somos uma produtora audiovisual especializada em anima\u00e7\u00e3o. Formada por um time de multiartistas que amplificam vozes faveladas e t\u00eam como objetivo trazer representatividade para o audiovisual brasileiro. Nos destacamos pela autenticidade, compromisso, t\u00e9cnicas e estilos autorais.<\/span><\/p><p class=\"s5\">\u00a0<\/p><p class=\"s5\"><span class=\"s7\">A Mandabusca \u00e9 um lugar onde artistas pretos e favelados podem expressar suas opini\u00f5es e viv\u00eancias, um espa\u00e7o de pot\u00eancia criativa, formada <\/span><span class=\"s7\">por artistas<\/span><span class=\"s7\"> diversos e originais produzindo no cinema, na m\u00fasica e na moda.<\/span><\/p><p class=\"s5\">\u00a0<\/p><p class=\"s5\"><span class=\"s7\">Nosso segmento principal \u00e9 <\/span><span class=\"s7\">anima\u00e7\u00e3o<\/span><span class=\"s7\">. No entanto, tamb\u00e9m evidenciamos nossos talentos e experi\u00eancias desenvolvendo outros tipos de produ\u00e7\u00f5es audiovisuais<\/span><span class=\"s7\">, assinando da <\/span><span class=\"s7\">dire\u00e7\u00e3o criativa<\/span><span class=\"s7\"> \u00e0 produ\u00e7\u00e3o executiva.<\/span><\/p>\t\t\t\t\t\t<\/div>\n\t\t\t\t<\/div>\n\t\t\t\t\t<\/div>\n\t\t<\/div>\n\t\t\t\t\t<\/div>\n\t\t<\/section>\n\t\t\t\t<section class=\"elementor-section elementor-inner-section elementor-element elementor-element-d3cce90 elementor-section-full_width elementor-section-height-default elementor-section-height-default\" data-id=\"d3cce90\" data-element_type=\"section\">\n\t\t\t\t\t\t<div class=\"elementor-container elementor-column-gap-no\">\n\t\t\t\t\t<div class=\"elementor-column elementor-col-100 elementor-inner-column elementor-element elementor-element-4885285\" data-id=\"4885285\" data-element_type=\"column\">\n\t\t\t<div class=\"elementor-widget-wrap elementor-element-populated\">\n\t\t\t\t\t\t<div class=\"elementor-element elementor-element-a15e867 elementor-widget elementor-widget-heading\" data-id=\"a15e867\" data-element_type=\"widget\" data-widget_type=\"heading.default\">\n\t\t\t\t<div class=\"elementor-widget-container\">\n\t\t\t<h2 class=\"elementor-heading-title elementor-size-default\">Cores e valores\u2026<\/h2>\t\t<\/div>\n\t\t\t\t<\/div>\n\t\t\t\t<div class=\"elementor-element elementor-element-90580ef elementor-widget elementor-widget-text-editor\" data-id=\"90580ef\" data-element_type=\"widget\" data-widget_type=\"text-editor.default\">\n\t\t\t\t<div class=\"elementor-widget-container\">\n\t\t\t\t\t\t\t<p class=\"s5\"><span class=\"s7\">Nossa proposta de valor vai al\u00e9m da nossa causa social, embora seja um elemento importante. Valorizamos a qualidade de entrega e a est\u00e9tica original, proporcionando um ambiente de trabalho saud\u00e1vel para nossa equipe, onde os profissionais s\u00e3o valorizados n\u00e3o apenas financeiramente, mas tamb\u00e9m como pessoas. Nosso compromisso \u00e9 assegurar que aqueles que est\u00e3o com a MandaBusca, por tr\u00e1s das c\u00e2meras ou equipamentos, estejam em um bom ambiente de trabalho<\/span><span class=\"s7\"> seguro.<\/span><\/p><p class=\"s5\">\u00a0<\/p><p class=\"s5\"><span class=\"s7\">A MandaBusca entrega est\u00e9tica e narrativa de favela, seremos a primeira op\u00e7\u00e3o quando o assunto for representar a periferia. <\/span><span class=\"s7\">E com esse olhar \u00fanico tamb\u00e9m criamos e entregamos produ\u00e7\u00f5es que v\u00e3o al\u00e9m do nosso contexto. A partir da nossa leitura e compreens\u00e3o do mundo, produzimos com estrat\u00e9gia e criatividade para gerar alcance e impacto. <\/span><\/p><p class=\"s5\">\u00a0<\/p><p class=\"s5\"><span class=\"s7\">Enxergamos um futuro em que tenhamos estrutura para crescer e incentivar outros talentos da favela. Nossa miss\u00e3o \u00e9 trazer pessoas da periferia e pessoas n\u00e3o brancas para o cen\u00e1rio audiovisual, movimentando o mercado criativo que surge desses espa\u00e7os e ampliando a representatividade dentro da ind\u00fastria.<\/span><\/p>\t\t\t\t\t\t<\/div>\n\t\t\t\t<\/div>\n\t\t\t\t\t<\/div>\n\t\t<\/div>\n\t\t\t\t\t<\/div>\n\t\t<\/section>\n\t\t\t\t<div class=\"elementor-element elementor-element-f5143ac elementor-widget elementor-widget-heading\" data-id=\"f5143ac\" data-element_type=\"widget\" data-widget_type=\"heading.default\">\n\t\t\t\t<div class=\"elementor-widget-container\">\n\t\t\t<h2 class=\"elementor-heading-title elementor-size-default\">MANDABUSCA, somos um grito da favela,\n<\/br>um incentivo\nde manter sua pipa no alto!<\/h2>\t\t<\/div>\n\t\t\t\t<\/div>\n\t\t\t\t<div class=\"elementor-element elementor-element-188757c elementor-widget__width-auto elementor-absolute elementor-widget elementor-widget-image\" data-id=\"188757c\" data-element_type=\"widget\" data-settings=\"{&quot;_position&quot;:&quot;absolute&quot;}\" data-widget_type=\"image.default\">\n\t\t\t\t<div class=\"elementor-widget-container\">\n\t\t\t<style>\/*! elementor - v3.19.0 - 26-02-2024 *\/\n.elementor-widget-image{text-align:center}.elementor-widget-image a{display:inline-block}.elementor-widget-image a img[src$=\".svg\"]{width:48px}.elementor-widget-image img{vertical-align:middle;display:inline-block}<\/style>\t\t\t\t\t\t\t\t\t\t<img fetchpriority=\"high\" decoding=\"async\" width=\"504\" height=\"1024\" src=\"https:\/\/mandabusca.com.br\/wp-content\/uploads\/2023\/06\/pipa-mandabusca-504x1024.png\" class=\"attachment-large size-large wp-image-10458\" alt=\"\" srcset=\"https:\/\/mandabusca.com.br\/wp-content\/uploads\/2023\/06\/pipa-mandabusca-504x1024.png 504w, https:\/\/mandabusca.com.br\/wp-content\/uploads\/2023\/06\/pipa-mandabusca-148x300.png 148w, https:\/\/mandabusca.com.br\/wp-content\/uploads\/2023\/06\/pipa-mandabusca-768x1560.png 768w, https:\/\/mandabusca.com.br\/wp-content\/uploads\/2023\/06\/pipa-mandabusca-756x1536.png 756w, https:\/\/mandabusca.com.br\/wp-content\/uploads\/2023\/06\/pipa-mandabusca-1008x2048.png 1008w, https:\/\/mandabusca.com.br\/wp-content\/uploads\/2023\/06\/pipa-mandabusca-132x268.png 132w, https:\/\/mandabusca.com.br\/wp-content\/uploads\/2023\/06\/pipa-mandabusca-1120x2275.png 1120w, https:\/\/mandabusca.com.br\/wp-content\/uploads\/2023\/06\/pipa-mandabusca.png 2026w\" sizes=\"(max-width: 504px) 100vw, 504px\" \/>\t\t\t\t\t\t\t\t\t\t\t\t\t<\/div>\n\t\t\t\t<\/div>\n\t\t\t\t\t<\/div>\n\t\t<\/div>\n\t\t\t\t\t<\/div>\n\t\t<\/section>\n\t\t\t\t<\/div>","protected":false},"excerpt":{"rendered":"<p>quem somos Somos o que somos&#8230; N\u00f3s, da MandaBusca, somos uma produtora audiovisual especializada em anima\u00e7\u00e3o. Formada por um time de multiartistas que amplificam [&hellip;]<\/p>","protected":false},"author":1,"featured_media":0,"parent":0,"menu_order":0,"comment_status":"closed","ping_status":"closed","template":"page-custom.php","meta":{"footnotes":""},"class_list":["post-615","page","type-page","status-publish","hentry"],"acf":{"full_width":true,"header_transparent":false},"_links":{"self":[{"href":"https:\/\/mandabusca.com.br\/en\/wp-json\/wp\/v2\/pages\/615","targetHints":{"allow":["GET"]}}],"collection":[{"href":"https:\/\/mandabusca.com.br\/en\/wp-json\/wp\/v2\/pages"}],"about":[{"href":"https:\/\/mandabusca.com.br\/en\/wp-json\/wp\/v2\/types\/page"}],"author":[{"embeddable":true,"href":"https:\/\/mandabusca.com.br\/en\/wp-json\/wp\/v2\/users\/1"}],"replies":[{"embeddable":true,"href":"https:\/\/mandabusca.com.br\/en\/wp-json\/wp\/v2\/comments?post=615"}],"version-history":[{"count":29,"href":"https:\/\/mandabusca.com.br\/en\/wp-json\/wp\/v2\/pages\/615\/revisions"}],"predecessor-version":[{"id":11322,"href":"https:\/\/mandabusca.com.br\/en\/wp-json\/wp\/v2\/pages\/615\/revisions\/11322"}],"wp:attachment":[{"href":"https:\/\/mandabusca.com.br\/en\/wp-json\/wp\/v2\/media?parent=615"}],"curies":[{"name":"wp","href":"https:\/\/api.w.org\/{rel}","templated":true}]}}