{"id":10594,"date":"2023-06-07T15:23:19","date_gmt":"2023-06-07T18:23:19","guid":{"rendered":"https:\/\/mandabusca.com.br\/?page_id=10594"},"modified":"2023-12-26T17:44:11","modified_gmt":"2023-12-26T20:44:11","slug":"artistas","status":"publish","type":"page","link":"https:\/\/mandabusca.com.br\/en\/artistas\/","title":{"rendered":"Artists"},"content":{"rendered":"<div data-elementor-type=\"wp-page\" data-elementor-id=\"10594\" class=\"elementor elementor-10594\" data-elementor-post-type=\"page\">\n\t\t\t\t\t\t<section class=\"elementor-section elementor-top-section elementor-element elementor-element-1b9912e elementor-section-boxed elementor-section-height-default elementor-section-height-default\" data-id=\"1b9912e\" data-element_type=\"section\" data-settings=\"{&quot;background_background&quot;:&quot;classic&quot;}\">\n\t\t\t\t\t\t<div class=\"elementor-container elementor-column-gap-extended\">\n\t\t\t\t\t<div class=\"elementor-column elementor-col-100 elementor-top-column elementor-element elementor-element-04afb00\" data-id=\"04afb00\" data-element_type=\"column\">\n\t\t\t<div class=\"elementor-widget-wrap elementor-element-populated\">\n\t\t\t\t\t\t<div class=\"elementor-element elementor-element-7332d8d elementor-widget elementor-widget-heading\" data-id=\"7332d8d\" data-element_type=\"widget\" data-widget_type=\"heading.default\">\n\t\t\t\t<div class=\"elementor-widget-container\">\n\t\t\t<style>\/*! elementor - v3.19.0 - 26-02-2024 *\/\n.elementor-heading-title{padding:0;margin:0;line-height:1}.elementor-widget-heading .elementor-heading-title[class*=elementor-size-]>a{color:inherit;font-size:inherit;line-height:inherit}.elementor-widget-heading .elementor-heading-title.elementor-size-small{font-size:15px}.elementor-widget-heading .elementor-heading-title.elementor-size-medium{font-size:19px}.elementor-widget-heading .elementor-heading-title.elementor-size-large{font-size:29px}.elementor-widget-heading .elementor-heading-title.elementor-size-xl{font-size:39px}.elementor-widget-heading .elementor-heading-title.elementor-size-xxl{font-size:59px}<\/style><h1 class=\"elementor-heading-title elementor-size-default\">artistas<\/h1>\t\t<\/div>\n\t\t\t\t<\/div>\n\t\t\t\t\t<\/div>\n\t\t<\/div>\n\t\t\t\t\t<\/div>\n\t\t<\/section>\n\t\t\t\t<section class=\"elementor-section elementor-top-section elementor-element elementor-element-e2bba0b elementor-section-boxed elementor-section-height-default elementor-section-height-default\" data-id=\"e2bba0b\" data-element_type=\"section\">\n\t\t\t\t\t\t<div class=\"elementor-container elementor-column-gap-default\">\n\t\t\t\t\t<div class=\"elementor-column elementor-col-100 elementor-top-column elementor-element elementor-element-c0b070f\" data-id=\"c0b070f\" data-element_type=\"column\">\n\t\t\t<div class=\"elementor-widget-wrap elementor-element-populated\">\n\t\t\t\t\t\t<section class=\"elementor-section elementor-inner-section elementor-element elementor-element-c4be9d8 elementor-section-boxed elementor-section-height-default elementor-section-height-default\" data-id=\"c4be9d8\" data-element_type=\"section\">\n\t\t\t\t\t\t<div class=\"elementor-container elementor-column-gap-default\">\n\t\t\t\t\t<div class=\"elementor-column elementor-col-33 elementor-inner-column elementor-element elementor-element-079afc4\" data-id=\"079afc4\" data-element_type=\"column\">\n\t\t\t<div class=\"elementor-widget-wrap elementor-element-populated\">\n\t\t\t\t\t\t<div class=\"elementor-element elementor-element-e163fdd elementor-widget elementor-widget-team_member\" data-id=\"e163fdd\" data-element_type=\"widget\" data-widget_type=\"team_member.default\">\n\t\t\t\t<div class=\"elementor-widget-container\">\n\t\t\t\r\n        <a class=\"ms-tm style-1 default d_column\" href=\"https:\/\/mandabusca.com.br\/en\/artista\/deley\/\">\r\n            <div class=\"ms-tm--box\">\r\n                <div class=\"ms-tm--img\">\r\n                    <img fetchpriority=\"high\" decoding=\"async\" width=\"800\" height=\"800\" src=\"https:\/\/mandabusca.com.br\/wp-content\/uploads\/2023\/06\/deley.jpg\" class=\"attachment-large size-large wp-image-10834\" alt=\"\" srcset=\"https:\/\/mandabusca.com.br\/wp-content\/uploads\/2023\/06\/deley.jpg 800w, https:\/\/mandabusca.com.br\/wp-content\/uploads\/2023\/06\/deley-300x300.jpg 300w, https:\/\/mandabusca.com.br\/wp-content\/uploads\/2023\/06\/deley-150x150.jpg 150w, https:\/\/mandabusca.com.br\/wp-content\/uploads\/2023\/06\/deley-768x768.jpg 768w, https:\/\/mandabusca.com.br\/wp-content\/uploads\/2023\/06\/deley-12x12.jpg 12w, https:\/\/mandabusca.com.br\/wp-content\/uploads\/2023\/06\/deley-50x50.jpg 50w, https:\/\/mandabusca.com.br\/wp-content\/uploads\/2023\/06\/deley-268x268.jpg 268w, https:\/\/mandabusca.com.br\/wp-content\/uploads\/2023\/06\/deley-80x80.jpg 80w\" sizes=\"(max-width: 800px) 100vw, 800px\" \/>                                    <\/div>\r\n                <div class=\"ms-tm--content\">\r\n                    <h3 class=\"ms-tm--title\">Deley<\/h3>\r\n                    <p class=\"ms-tm--function\">Diretor e CEO <\/p>\r\n                    <div class=\"ms-tm--desc\">\r\n                        <p><\/p>\r\n                    <\/div> \r\n                                                                                <\/div>\r\n            <\/div>\r\n        <\/a>\r\n        \r\n    \t\t<\/div>\n\t\t\t\t<\/div>\n\t\t\t\t\t<\/div>\n\t\t<\/div>\n\t\t\t\t<div class=\"elementor-column elementor-col-33 elementor-inner-column elementor-element elementor-element-4f6baf6\" data-id=\"4f6baf6\" data-element_type=\"column\">\n\t\t\t<div class=\"elementor-widget-wrap elementor-element-populated\">\n\t\t\t\t\t\t<div class=\"elementor-element elementor-element-be6b165 elementor-widget elementor-widget-team_member\" data-id=\"be6b165\" data-element_type=\"widget\" data-widget_type=\"team_member.default\">\n\t\t\t\t<div class=\"elementor-widget-container\">\n\t\t\t\r\n        <a class=\"ms-tm style-1 default d_column\" href=\"https:\/\/mandabusca.com.br\/en\/artista\/stephany-alves\/\">\r\n            <div class=\"ms-tm--box\">\r\n                <div class=\"ms-tm--img\">\r\n                    <img decoding=\"async\" width=\"900\" height=\"900\" src=\"https:\/\/mandabusca.com.br\/wp-content\/uploads\/2023\/06\/stephany.jpg\" class=\"attachment-large size-large wp-image-10854\" alt=\"\" srcset=\"https:\/\/mandabusca.com.br\/wp-content\/uploads\/2023\/06\/stephany.jpg 900w, https:\/\/mandabusca.com.br\/wp-content\/uploads\/2023\/06\/stephany-300x300.jpg 300w, https:\/\/mandabusca.com.br\/wp-content\/uploads\/2023\/06\/stephany-150x150.jpg 150w, https:\/\/mandabusca.com.br\/wp-content\/uploads\/2023\/06\/stephany-768x768.jpg 768w, https:\/\/mandabusca.com.br\/wp-content\/uploads\/2023\/06\/stephany-12x12.jpg 12w, https:\/\/mandabusca.com.br\/wp-content\/uploads\/2023\/06\/stephany-50x50.jpg 50w, https:\/\/mandabusca.com.br\/wp-content\/uploads\/2023\/06\/stephany-268x268.jpg 268w, https:\/\/mandabusca.com.br\/wp-content\/uploads\/2023\/06\/stephany-80x80.jpg 80w\" sizes=\"(max-width: 900px) 100vw, 900px\" \/>                                    <\/div>\r\n                <div class=\"ms-tm--content\">\r\n                    <h3 class=\"ms-tm--title\">Sty<\/h3>\r\n                    <p class=\"ms-tm--function\">Diretora de Arte e COO<\/p>\r\n                    <div class=\"ms-tm--desc\">\r\n                        <p><\/p>\r\n                    <\/div> \r\n                                                                                <\/div>\r\n            <\/div>\r\n        <\/a>\r\n        \r\n    \t\t<\/div>\n\t\t\t\t<\/div>\n\t\t\t\t\t<\/div>\n\t\t<\/div>\n\t\t\t\t<div class=\"elementor-column elementor-col-33 elementor-inner-column elementor-element elementor-element-7d20260\" data-id=\"7d20260\" data-element_type=\"column\">\n\t\t\t<div class=\"elementor-widget-wrap elementor-element-populated\">\n\t\t\t\t\t\t<div class=\"elementor-element elementor-element-f88c754 elementor-widget elementor-widget-team_member\" data-id=\"f88c754\" data-element_type=\"widget\" data-widget_type=\"team_member.default\">\n\t\t\t\t<div class=\"elementor-widget-container\">\n\t\t\t\r\n        <a class=\"ms-tm style-1 default d_column\" href=\"https:\/\/mandabusca.com.br\/en\/artista\/allan\/\">\r\n            <div class=\"ms-tm--box\">\r\n                <div class=\"ms-tm--img\">\r\n                    <img decoding=\"async\" width=\"800\" height=\"800\" src=\"https:\/\/mandabusca.com.br\/wp-content\/uploads\/2023\/10\/IMG_1982.jpg\" class=\"attachment-large size-large wp-image-11386\" alt=\"\" srcset=\"https:\/\/mandabusca.com.br\/wp-content\/uploads\/2023\/10\/IMG_1982.jpg 800w, https:\/\/mandabusca.com.br\/wp-content\/uploads\/2023\/10\/IMG_1982-300x300.jpg 300w, https:\/\/mandabusca.com.br\/wp-content\/uploads\/2023\/10\/IMG_1982-150x150.jpg 150w, https:\/\/mandabusca.com.br\/wp-content\/uploads\/2023\/10\/IMG_1982-768x768.jpg 768w, https:\/\/mandabusca.com.br\/wp-content\/uploads\/2023\/10\/IMG_1982-12x12.jpg 12w, https:\/\/mandabusca.com.br\/wp-content\/uploads\/2023\/10\/IMG_1982-50x50.jpg 50w, https:\/\/mandabusca.com.br\/wp-content\/uploads\/2023\/10\/IMG_1982-268x268.jpg 268w, https:\/\/mandabusca.com.br\/wp-content\/uploads\/2023\/10\/IMG_1982-80x80.jpg 80w\" sizes=\"(max-width: 800px) 100vw, 800px\" \/>                                    <\/div>\r\n                <div class=\"ms-tm--content\">\r\n                    <h3 class=\"ms-tm--title\">Allan<\/h3>\r\n                    <p class=\"ms-tm--function\">Diretor narrativo e storyboarder<\/p>\r\n                    <div class=\"ms-tm--desc\">\r\n                        <p><\/p>\r\n                    <\/div> \r\n                                                                                <\/div>\r\n            <\/div>\r\n        <\/a>\r\n        \r\n    \t\t<\/div>\n\t\t\t\t<\/div>\n\t\t\t\t\t<\/div>\n\t\t<\/div>\n\t\t\t\t\t<\/div>\n\t\t<\/section>\n\t\t\t\t<section class=\"elementor-section elementor-inner-section elementor-element elementor-element-9a2d9f5 elementor-section-boxed elementor-section-height-default elementor-section-height-default\" data-id=\"9a2d9f5\" data-element_type=\"section\">\n\t\t\t\t\t\t<div class=\"elementor-container elementor-column-gap-default\">\n\t\t\t\t\t<div class=\"elementor-column elementor-col-33 elementor-inner-column elementor-element elementor-element-30309e1\" data-id=\"30309e1\" data-element_type=\"column\">\n\t\t\t<div class=\"elementor-widget-wrap elementor-element-populated\">\n\t\t\t\t\t\t<div class=\"elementor-element elementor-element-d92ffd6 elementor-widget elementor-widget-team_member\" data-id=\"d92ffd6\" data-element_type=\"widget\" data-widget_type=\"team_member.default\">\n\t\t\t\t<div class=\"elementor-widget-container\">\n\t\t\t\r\n        <a class=\"ms-tm style-1 default d_column\" href=\"https:\/\/mandabusca.com.br\/en\/artista\/ghetto\/\">\r\n            <div class=\"ms-tm--box\">\r\n                <div class=\"ms-tm--img\">\r\n                    <img loading=\"lazy\" decoding=\"async\" width=\"900\" height=\"901\" src=\"https:\/\/mandabusca.com.br\/wp-content\/uploads\/2023\/06\/ghetto.jpg\" class=\"attachment-large size-large wp-image-10711\" alt=\"\" srcset=\"https:\/\/mandabusca.com.br\/wp-content\/uploads\/2023\/06\/ghetto.jpg 900w, https:\/\/mandabusca.com.br\/wp-content\/uploads\/2023\/06\/ghetto-300x300.jpg 300w, https:\/\/mandabusca.com.br\/wp-content\/uploads\/2023\/06\/ghetto-150x150.jpg 150w, https:\/\/mandabusca.com.br\/wp-content\/uploads\/2023\/06\/ghetto-768x769.jpg 768w, https:\/\/mandabusca.com.br\/wp-content\/uploads\/2023\/06\/ghetto-50x50.jpg 50w, https:\/\/mandabusca.com.br\/wp-content\/uploads\/2023\/06\/ghetto-268x268.jpg 268w, https:\/\/mandabusca.com.br\/wp-content\/uploads\/2023\/06\/ghetto-80x80.jpg 80w\" sizes=\"(max-width: 900px) 100vw, 900px\" \/>                                    <\/div>\r\n                <div class=\"ms-tm--content\">\r\n                    <h3 class=\"ms-tm--title\">Ghetto<\/h3>\r\n                    <p class=\"ms-tm--function\"> Diretor, Fot\u00f3grafo e Videomaker<\/p>\r\n                    <div class=\"ms-tm--desc\">\r\n                        <p><\/p>\r\n                    <\/div> \r\n                                                                                <\/div>\r\n            <\/div>\r\n        <\/a>\r\n        \r\n    \t\t<\/div>\n\t\t\t\t<\/div>\n\t\t\t\t\t<\/div>\n\t\t<\/div>\n\t\t\t\t<div class=\"elementor-column elementor-col-33 elementor-inner-column elementor-element elementor-element-f33c200\" data-id=\"f33c200\" data-element_type=\"column\">\n\t\t\t<div class=\"elementor-widget-wrap elementor-element-populated\">\n\t\t\t\t\t\t<div class=\"elementor-element elementor-element-4557714 elementor-widget elementor-widget-team_member\" data-id=\"4557714\" data-element_type=\"widget\" data-widget_type=\"team_member.default\">\n\t\t\t\t<div class=\"elementor-widget-container\">\n\t\t\t\r\n        <a class=\"ms-tm style-1 default d_column\" href=\"https:\/\/mandabusca.com.br\/en\/artista\/may\/\">\r\n            <div class=\"ms-tm--box\">\r\n                <div class=\"ms-tm--img\">\r\n                    <img loading=\"lazy\" decoding=\"async\" width=\"900\" height=\"900\" src=\"https:\/\/mandabusca.com.br\/wp-content\/uploads\/2023\/06\/may.jpg\" class=\"attachment-large size-large wp-image-10712\" alt=\"\" srcset=\"https:\/\/mandabusca.com.br\/wp-content\/uploads\/2023\/06\/may.jpg 900w, https:\/\/mandabusca.com.br\/wp-content\/uploads\/2023\/06\/may-300x300.jpg 300w, https:\/\/mandabusca.com.br\/wp-content\/uploads\/2023\/06\/may-150x150.jpg 150w, https:\/\/mandabusca.com.br\/wp-content\/uploads\/2023\/06\/may-768x768.jpg 768w, https:\/\/mandabusca.com.br\/wp-content\/uploads\/2023\/06\/may-50x50.jpg 50w, https:\/\/mandabusca.com.br\/wp-content\/uploads\/2023\/06\/may-268x268.jpg 268w, https:\/\/mandabusca.com.br\/wp-content\/uploads\/2023\/06\/may-80x80.jpg 80w\" sizes=\"(max-width: 900px) 100vw, 900px\" \/>                                    <\/div>\r\n                <div class=\"ms-tm--content\">\r\n                    <h3 class=\"ms-tm--title\">May<\/h3>\r\n                    <p class=\"ms-tm--function\">Produ\u00e7\u00e3o e Historiadora da Arte<\/p>\r\n                    <div class=\"ms-tm--desc\">\r\n                        <p><\/p>\r\n                    <\/div> \r\n                                                                                <\/div>\r\n            <\/div>\r\n        <\/a>\r\n        \r\n    \t\t<\/div>\n\t\t\t\t<\/div>\n\t\t\t\t\t<\/div>\n\t\t<\/div>\n\t\t\t\t<div class=\"elementor-column elementor-col-33 elementor-inner-column elementor-element elementor-element-60874c5\" data-id=\"60874c5\" data-element_type=\"column\">\n\t\t\t<div class=\"elementor-widget-wrap elementor-element-populated\">\n\t\t\t\t\t\t<div class=\"elementor-element elementor-element-2809451 elementor-widget elementor-widget-team_member\" data-id=\"2809451\" data-element_type=\"widget\" data-widget_type=\"team_member.default\">\n\t\t\t\t<div class=\"elementor-widget-container\">\n\t\t\t\r\n        <a class=\"ms-tm style-1 default d_column\" href=\"https:\/\/mandabusca.com.br\/en\/artista\/calvet\/\">\r\n            <div class=\"ms-tm--box\">\r\n                <div class=\"ms-tm--img\">\r\n                    <img loading=\"lazy\" decoding=\"async\" width=\"800\" height=\"800\" src=\"https:\/\/mandabusca.com.br\/wp-content\/uploads\/2023\/10\/calvet.jpg\" class=\"attachment-large size-large wp-image-11391\" alt=\"\" srcset=\"https:\/\/mandabusca.com.br\/wp-content\/uploads\/2023\/10\/calvet.jpg 800w, https:\/\/mandabusca.com.br\/wp-content\/uploads\/2023\/10\/calvet-300x300.jpg 300w, https:\/\/mandabusca.com.br\/wp-content\/uploads\/2023\/10\/calvet-150x150.jpg 150w, https:\/\/mandabusca.com.br\/wp-content\/uploads\/2023\/10\/calvet-768x768.jpg 768w, https:\/\/mandabusca.com.br\/wp-content\/uploads\/2023\/10\/calvet-12x12.jpg 12w, https:\/\/mandabusca.com.br\/wp-content\/uploads\/2023\/10\/calvet-50x50.jpg 50w, https:\/\/mandabusca.com.br\/wp-content\/uploads\/2023\/10\/calvet-268x268.jpg 268w, https:\/\/mandabusca.com.br\/wp-content\/uploads\/2023\/10\/calvet-80x80.jpg 80w\" sizes=\"(max-width: 800px) 100vw, 800px\" \/>                                    <\/div>\r\n                <div class=\"ms-tm--content\">\r\n                    <h3 class=\"ms-tm--title\">Calvet<\/h3>\r\n                    <p class=\"ms-tm--function\">Ilustrador<\/p>\r\n                    <div class=\"ms-tm--desc\">\r\n                        <p><\/p>\r\n                    <\/div> \r\n                                                                                <\/div>\r\n            <\/div>\r\n        <\/a>\r\n        \r\n    \t\t<\/div>\n\t\t\t\t<\/div>\n\t\t\t\t\t<\/div>\n\t\t<\/div>\n\t\t\t\t\t<\/div>\n\t\t<\/section>\n\t\t\t\t<section class=\"elementor-section elementor-inner-section elementor-element elementor-element-b051037 elementor-section-boxed elementor-section-height-default elementor-section-height-default\" data-id=\"b051037\" data-element_type=\"section\">\n\t\t\t\t\t\t<div class=\"elementor-container elementor-column-gap-default\">\n\t\t\t\t\t<div class=\"elementor-column elementor-col-33 elementor-inner-column elementor-element elementor-element-ef54921\" data-id=\"ef54921\" data-element_type=\"column\">\n\t\t\t<div class=\"elementor-widget-wrap elementor-element-populated\">\n\t\t\t\t\t\t<div class=\"elementor-element elementor-element-d1809c7 elementor-widget elementor-widget-team_member\" data-id=\"d1809c7\" data-element_type=\"widget\" data-widget_type=\"team_member.default\">\n\t\t\t\t<div class=\"elementor-widget-container\">\n\t\t\t\r\n        <a class=\"ms-tm style-1 default d_column\" href=\"https:\/\/mandabusca.com.br\/en\/artista\/candido\/\">\r\n            <div class=\"ms-tm--box\">\r\n                <div class=\"ms-tm--img\">\r\n                    <img loading=\"lazy\" decoding=\"async\" width=\"800\" height=\"800\" src=\"https:\/\/mandabusca.com.br\/wp-content\/uploads\/2023\/12\/candido.jpg\" class=\"attachment-large size-large wp-image-11404\" alt=\"\" srcset=\"https:\/\/mandabusca.com.br\/wp-content\/uploads\/2023\/12\/candido.jpg 800w, https:\/\/mandabusca.com.br\/wp-content\/uploads\/2023\/12\/candido-300x300.jpg 300w, https:\/\/mandabusca.com.br\/wp-content\/uploads\/2023\/12\/candido-150x150.jpg 150w, https:\/\/mandabusca.com.br\/wp-content\/uploads\/2023\/12\/candido-768x768.jpg 768w, https:\/\/mandabusca.com.br\/wp-content\/uploads\/2023\/12\/candido-12x12.jpg 12w, https:\/\/mandabusca.com.br\/wp-content\/uploads\/2023\/12\/candido-50x50.jpg 50w, https:\/\/mandabusca.com.br\/wp-content\/uploads\/2023\/12\/candido-268x268.jpg 268w, https:\/\/mandabusca.com.br\/wp-content\/uploads\/2023\/12\/candido-80x80.jpg 80w\" sizes=\"(max-width: 800px) 100vw, 800px\" \/>                                    <\/div>\r\n                <div class=\"ms-tm--content\">\r\n                    <h3 class=\"ms-tm--title\">C\u00e2ndido<\/h3>\r\n                    <p class=\"ms-tm--function\">Ilustrador<\/p>\r\n                    <div class=\"ms-tm--desc\">\r\n                        <p><\/p>\r\n                    <\/div> \r\n                                                                                <\/div>\r\n            <\/div>\r\n        <\/a>\r\n        \r\n    \t\t<\/div>\n\t\t\t\t<\/div>\n\t\t\t\t\t<\/div>\n\t\t<\/div>\n\t\t\t\t<div class=\"elementor-column elementor-col-33 elementor-inner-column elementor-element elementor-element-e829123\" data-id=\"e829123\" data-element_type=\"column\">\n\t\t\t<div class=\"elementor-widget-wrap elementor-element-populated\">\n\t\t\t\t\t\t<div class=\"elementor-element elementor-element-8ac1c4f elementor-widget elementor-widget-team_member\" data-id=\"8ac1c4f\" data-element_type=\"widget\" data-widget_type=\"team_member.default\">\n\t\t\t\t<div class=\"elementor-widget-container\">\n\t\t\t\r\n        <a class=\"ms-tm style-1 default d_column\" href=\"https:\/\/mandabusca.com.br\/en\/artista\/pepe\/\">\r\n            <div class=\"ms-tm--box\">\r\n                <div class=\"ms-tm--img\">\r\n                    <img loading=\"lazy\" decoding=\"async\" width=\"800\" height=\"800\" src=\"https:\/\/mandabusca.com.br\/wp-content\/uploads\/2023\/10\/pepe-mandabusca.jpg\" class=\"attachment-large size-large wp-image-11378\" alt=\"\" srcset=\"https:\/\/mandabusca.com.br\/wp-content\/uploads\/2023\/10\/pepe-mandabusca.jpg 800w, https:\/\/mandabusca.com.br\/wp-content\/uploads\/2023\/10\/pepe-mandabusca-300x300.jpg 300w, https:\/\/mandabusca.com.br\/wp-content\/uploads\/2023\/10\/pepe-mandabusca-150x150.jpg 150w, https:\/\/mandabusca.com.br\/wp-content\/uploads\/2023\/10\/pepe-mandabusca-768x768.jpg 768w, https:\/\/mandabusca.com.br\/wp-content\/uploads\/2023\/10\/pepe-mandabusca-12x12.jpg 12w, https:\/\/mandabusca.com.br\/wp-content\/uploads\/2023\/10\/pepe-mandabusca-50x50.jpg 50w, https:\/\/mandabusca.com.br\/wp-content\/uploads\/2023\/10\/pepe-mandabusca-268x268.jpg 268w, https:\/\/mandabusca.com.br\/wp-content\/uploads\/2023\/10\/pepe-mandabusca-80x80.jpg 80w\" sizes=\"(max-width: 800px) 100vw, 800px\" \/>                                    <\/div>\r\n                <div class=\"ms-tm--content\">\r\n                    <h3 class=\"ms-tm--title\">Pepe<\/h3>\r\n                    <p class=\"ms-tm--function\">Figurinista<\/p>\r\n                    <div class=\"ms-tm--desc\">\r\n                        <p><\/p>\r\n                    <\/div> \r\n                                                                                <\/div>\r\n            <\/div>\r\n        <\/a>\r\n        \r\n    \t\t<\/div>\n\t\t\t\t<\/div>\n\t\t\t\t\t<\/div>\n\t\t<\/div>\n\t\t\t\t<div class=\"elementor-column elementor-col-33 elementor-inner-column elementor-element elementor-element-c65a623\" data-id=\"c65a623\" data-element_type=\"column\">\n\t\t\t<div class=\"elementor-widget-wrap elementor-element-populated\">\n\t\t\t\t\t\t<div class=\"elementor-element elementor-element-8b0ee2c elementor-widget elementor-widget-team_member\" data-id=\"8b0ee2c\" data-element_type=\"widget\" data-widget_type=\"team_member.default\">\n\t\t\t\t<div class=\"elementor-widget-container\">\n\t\t\t\r\n        <a class=\"ms-tm style-1 default d_column\" href=\"https:\/\/mandabusca.com.br\/en\/artista\/cj\/\">\r\n            <div class=\"ms-tm--box\">\r\n                <div class=\"ms-tm--img\">\r\n                    <img loading=\"lazy\" decoding=\"async\" width=\"630\" height=\"630\" src=\"https:\/\/mandabusca.com.br\/wp-content\/uploads\/2023\/06\/CJ.jpg\" class=\"attachment-large size-large wp-image-10716\" alt=\"\" srcset=\"https:\/\/mandabusca.com.br\/wp-content\/uploads\/2023\/06\/CJ.jpg 630w, https:\/\/mandabusca.com.br\/wp-content\/uploads\/2023\/06\/CJ-300x300.jpg 300w, https:\/\/mandabusca.com.br\/wp-content\/uploads\/2023\/06\/CJ-150x150.jpg 150w, https:\/\/mandabusca.com.br\/wp-content\/uploads\/2023\/06\/CJ-50x50.jpg 50w, https:\/\/mandabusca.com.br\/wp-content\/uploads\/2023\/06\/CJ-268x268.jpg 268w, https:\/\/mandabusca.com.br\/wp-content\/uploads\/2023\/06\/CJ-80x80.jpg 80w\" sizes=\"(max-width: 630px) 100vw, 630px\" \/>                                    <\/div>\r\n                <div class=\"ms-tm--content\">\r\n                    <h3 class=\"ms-tm--title\">CJ<\/h3>\r\n                    <p class=\"ms-tm--function\">Stylist<\/p>\r\n                    <div class=\"ms-tm--desc\">\r\n                        <p><\/p>\r\n                    <\/div> \r\n                                                                                <\/div>\r\n            <\/div>\r\n        <\/a>\r\n        \r\n    \t\t<\/div>\n\t\t\t\t<\/div>\n\t\t\t\t\t<\/div>\n\t\t<\/div>\n\t\t\t\t\t<\/div>\n\t\t<\/section>\n\t\t\t\t\t<\/div>\n\t\t<\/div>\n\t\t\t\t\t<\/div>\n\t\t<\/section>\n\t\t\t\t<\/div>","protected":false},"excerpt":{"rendered":"<p>artistas Deley Diretor e CEO Sty Diretora de Arte e COO Allan Diretor narrativo e storyboarder Ghetto Diretor, Fot\u00f3grafo e Videomaker May Produ\u00e7\u00e3o e [&hellip;]<\/p>","protected":false},"author":1,"featured_media":0,"parent":0,"menu_order":0,"comment_status":"closed","ping_status":"closed","template":"page-custom.php","meta":{"footnotes":""},"class_list":["post-10594","page","type-page","status-publish","hentry"],"acf":{"full_width":true,"header_transparent":false},"_links":{"self":[{"href":"https:\/\/mandabusca.com.br\/en\/wp-json\/wp\/v2\/pages\/10594","targetHints":{"allow":["GET"]}}],"collection":[{"href":"https:\/\/mandabusca.com.br\/en\/wp-json\/wp\/v2\/pages"}],"about":[{"href":"https:\/\/mandabusca.com.br\/en\/wp-json\/wp\/v2\/types\/page"}],"author":[{"embeddable":true,"href":"https:\/\/mandabusca.com.br\/en\/wp-json\/wp\/v2\/users\/1"}],"replies":[{"embeddable":true,"href":"https:\/\/mandabusca.com.br\/en\/wp-json\/wp\/v2\/comments?post=10594"}],"version-history":[{"count":60,"href":"https:\/\/mandabusca.com.br\/en\/wp-json\/wp\/v2\/pages\/10594\/revisions"}],"predecessor-version":[{"id":11532,"href":"https:\/\/mandabusca.com.br\/en\/wp-json\/wp\/v2\/pages\/10594\/revisions\/11532"}],"wp:attachment":[{"href":"https:\/\/mandabusca.com.br\/en\/wp-json\/wp\/v2\/media?parent=10594"}],"curies":[{"name":"wp","href":"https:\/\/api.w.org\/{rel}","templated":true}]}}